{"id":2331,"date":"2020-11-14T10:15:23","date_gmt":"2020-11-14T09:15:23","guid":{"rendered":"https:\/\/ballroom.paris\/legals\/"},"modified":"2022-04-01T16:31:22","modified_gmt":"2022-04-01T14:31:22","slug":"mentions-legales","status":"publish","type":"page","link":"https:\/\/ballroom.paris\/fr\/mentions-legales\/","title":{"rendered":"Mentions l\u00e9gales"},"content":{"rendered":"<div class=\"fusion-fullwidth fullwidth-box fusion-builder-row-1 fusion-flex-container nonhundred-percent-fullwidth non-hundred-percent-height-scrolling\" style=\"--awb-border-radius-top-left:0px;--awb-border-radius-top-right:0px;--awb-border-radius-bottom-right:0px;--awb-border-radius-bottom-left:0px;--awb-flex-wrap:wrap;\" ><div class=\"fusion-builder-row fusion-row fusion-flex-align-items-flex-start fusion-flex-content-wrap\" style=\"max-width:calc( 90% + 5vw );margin-left: calc(-5vw \/ 2 );margin-right: calc(-5vw \/ 2 );\"><div class=\"fusion-layout-column fusion_builder_column fusion-builder-column-0 fusion_builder_column_1_4 1_4 fusion-flex-column fusion-no-small-visibility fusion-no-medium-visibility\" style=\"--awb-bg-size:cover;--awb-width-large:25%;--awb-margin-top-large:0px;--awb-spacing-right-large:2.5vw;--awb-margin-bottom-large:0px;--awb-spacing-left-large:2.5vw;--awb-width-medium:100%;--awb-order-medium:0;--awb-spacing-right-medium:2.5vw;--awb-spacing-left-medium:2.5vw;--awb-width-small:100%;--awb-order-small:0;--awb-spacing-right-small:2.5vw;--awb-spacing-left-small:2.5vw;\"><div class=\"fusion-column-wrapper fusion-column-has-shadow fusion-flex-justify-content-flex-start fusion-content-layout-column\"><div class=\"fusion-image-element \" style=\"text-align:center;--awb-max-width:176px;--awb-caption-title-font-family:var(--h2_typography-font-family);--awb-caption-title-font-weight:var(--h2_typography-font-weight);--awb-caption-title-font-style:var(--h2_typography-font-style);--awb-caption-title-size:var(--h2_typography-font-size);--awb-caption-title-transform:var(--h2_typography-text-transform);--awb-caption-title-line-height:var(--h2_typography-line-height);--awb-caption-title-letter-spacing:var(--h2_typography-letter-spacing);\"><span class=\" fusion-imageframe imageframe-none imageframe-1 hover-type-none\"><img decoding=\"async\" width=\"352\" height=\"1892\" alt=\"Ballroom text mentions\" title=\"Ballroom text mentions\" src=\"https:\/\/ballroom.paris\/wp-content\/uploads\/2020\/11\/Ballroom-text-mentions.png\" class=\"img-responsive wp-image-1912\" srcset=\"https:\/\/ballroom.paris\/wp-content\/uploads\/2020\/11\/Ballroom-text-mentions-56x300.png 56w, https:\/\/ballroom.paris\/wp-content\/uploads\/2020\/11\/Ballroom-text-mentions-286x1536.png 286w, https:\/\/ballroom.paris\/wp-content\/uploads\/2020\/11\/Ballroom-text-mentions.png 352w\" sizes=\"(max-width: 352px) 100vw, 352px\" \/><\/span><\/div><\/div><\/div><div class=\"fusion-layout-column fusion_builder_column fusion-builder-column-1 fusion_builder_column_3_4 3_4 fusion-flex-column column-legals\" style=\"--awb-bg-size:cover;--awb-width-large:75%;--awb-margin-top-large:0px;--awb-spacing-right-large:2.5vw;--awb-margin-bottom-large:0px;--awb-spacing-left-large:2.5vw;--awb-width-medium:100%;--awb-order-medium:0;--awb-spacing-right-medium:2.5vw;--awb-spacing-left-medium:2.5vw;--awb-width-small:100%;--awb-order-small:0;--awb-spacing-right-small:2.5vw;--awb-spacing-left-small:2.5vw;\"><div class=\"fusion-column-wrapper fusion-column-has-shadow fusion-flex-justify-content-flex-start fusion-content-layout-column\"><div class=\"fusion-text fusion-text-1\"><h2>En application de la loi 2000-719 du 1er ao\u00fbt 2000 relative \u00e0 la libert\u00e9 de communication, modifiant la loi 86-1067 du 30 septembre 1986 relative \u00e0 la libert\u00e9 de communication, vous trouverez ci-dessous les informations l\u00e9gales concernant notre site.<\/h2>\n<h3>Le site ballroom.paris <strong>est la propri\u00e9t\u00e9 de<\/strong><\/h3>\n<p>Ballroom<br \/>\n5 rue Paul Albert, <br \/>\n75018 PARIS<\/p>\n<h3>Le site ballroom.paris est \u00e9dit\u00e9 par<\/h3>\n<p>Ballroom<br \/>\n5 rue Paul Albert, <br \/>\n75018 PARIS<\/p>\n<h3>Directeur de la publication<\/h3>\n<p>Fred Valezy<\/p>\n<h3>Design graphique et r\u00e9alisation<\/h3>\n<p>Monsieur T<br \/>\n<a href=\"https:\/\/monsieurt.fr\/\" target=\"_blank\" rel=\"noopener noreferrer\">www.monsieurt.fr<\/a><\/p>\n<h3>H\u00e9bergement<\/h3>\n<p>Soci\u00e9t\u00e9 OVH<\/p>\n<h3><strong>CNIL :\u00a0Utilisation des informations pr\u00e9sentes sur le site<\/strong><\/h3>\n<p>Les informations enregistr\u00e9es sont r\u00e9serv\u00e9es \u00e0 l\u2019usage du (ou des) service(s)concern\u00e9(s) et ne peuvent \u00eatre communiqu\u00e9es qu\u2019\u00e0 Ballroom.\u00a0Conform\u00e9ment aux articles 39 et suivants de la loi n\u00b0 78-17 du 6 janvier 1978 modifi\u00e9e en 2004 relatives \u00e0 l\u2019informatique, aux fichiers et aux libert\u00e9s, toute personne peut obtenir communication et, le cas \u00e9ch\u00e9ant, rectification ou suppression des informations la concernant, en s\u2019adressant \u00e0 Ballroom.\u00a0Les utilisateurs du site Ballroom sont tenus de respecter les dispositions de la loi relative \u00e0 l\u2019Informatique, aux fichiers et aux libert\u00e9s, dont la violation est passible de sanctions p\u00e9nales.\u00a0Ils doivent notamment s\u2019abstenir, en ce qui concerne les informations nominatives pr\u00e9sent\u00e9es sur le site, de toute collecte, de toute utilisation d\u00e9tourn\u00e9e, et d\u2019une mani\u00e8re g\u00e9n\u00e9rale, de tout acte susceptible de porter atteinte \u00e0 la vie priv\u00e9e ou \u00e0 la r\u00e9putation des personnes.<\/p>\n<h3>Cookies<\/h3>\n<p>Un cookie est un petit fichier texte sauvegard\u00e9 sur votre ordinateur ou votre appareil mobile puis r\u00e9cup\u00e9r\u00e9 lors de vos visites ult\u00e9rieures. Le site Ballroom utilise des cookies pour que votre visite soit plus simple et agr\u00e9able. Nous n\u2019utilisons pas les cookies pour conserver des informations personnelles, ni pour divulguer des informations \u00e0 des tiers. Il existe deux types de cookies, permanents et temporaires (cookies de session). Les cookies permanents sont stock\u00e9s sous forme de fichier sur votre ordinateur ou votre appareil mobile pendant une dur\u00e9e ne d\u00e9passant pas 12 mois. Les cookies de session sont stock\u00e9s de mani\u00e8re temporaire et disparaissent d\u00e8s la fermeture de votre session de navigation. Vous pouvez facilement effacer les cookies de votre ordinateur ou de votre appareil mobile \u00e0 l\u2019aide de votre navigateur. Pour consulter les instructions relatives \u00e0 la gestion et \u00e0 la suppression des cookies, merci de vous reporter \u00e0 la rubrique d\u2019aide de votre navigateur. Selon vos pr\u00e9f\u00e9rences, vous pouvez d\u00e9sactiver les cookies ou demander \u00e0 \u00eatre averti \u00e0 chaque fois qu\u2019un nouveau cookie est transmis \u00e0 votre ordinateur ou votre appareil mobile. Veuillez noter que si vous d\u00e9sactivez les cookies, vous ne pourrez plus profiter de toutes les fonctionnalit\u00e9s.<\/p>\n<h3>Cookies tiers<strong><br \/>\n<\/strong><\/h3>\n<p>Nous utilisons des cookies tiers afin de recueillir des statistiques sous forme agr\u00e9g\u00e9e dans des outils d\u2019analyse tels que Google Analytics. Ces cookies peuvent \u00eatre permanents ou temporaires (cookies de session). Les cookies permanents sont stock\u00e9s sur votre ordinateur ou votre appareil mobile pendant une dur\u00e9e ne d\u00e9passant pas 24 mois.<\/p>\n<h3>Cr\u00e9dit\u00a0&amp; Droit d\u2019auteur<strong><br \/>\n<\/strong><\/h3>\n<p>L\u2019ensemble des contenus (photos, textes, vid\u00e9os, sons\u2026) consultables sur ce site demeure la propri\u00e9t\u00e9 exclusive de Ballroom et\/ou de ses partenaires et rel\u00e8ve de la l\u00e9gislation fran\u00e7aise sur le droit d\u2019auteur et la propri\u00e9t\u00e9 intellectuelle. Tous les droits de reproduction sont r\u00e9serv\u00e9s, y compris pour les documents t\u00e9l\u00e9chargeables et les repr\u00e9sentations iconographiques et photographiques. Toute extraction et\/ou reproduction d\u2019une partie substantielle des informations diffus\u00e9es sur le site est interdite sans l\u2019autorisation pr\u00e9alable de Ballroom\u00a0et constitue une contrefa\u00e7on sanctionn\u00e9e par les articles L.335-2 et suivants du Code de la propri\u00e9t\u00e9 intellectuelle. Le code de la Propri\u00e9t\u00e9 Intellectuelle pr\u00e9cise qu\u2019il faut citer la source ou demander l\u2019autorisation de l\u2019auteur des images.\u00a0Il ne joue que dans le cadre du respect du droit d\u2019auteur. En tant que cr\u00e9ation de l\u2019esprit, les images (m\u00eame les copies d\u2019\u00e9cran) sont donc prot\u00e9g\u00e9es par le droit d\u2019auteur (art. L112-2-9 du Code de Propri\u00e9t\u00e9 Intellectuelle). Le fait de reproduire ou de repr\u00e9senter, sans autorisation, des images, textes ou documents est punissable sur le plan civil par une condamnation \u00e0 des dommages et int\u00e9r\u00eats. Ces dommages et int\u00e9r\u00eats sont calcul\u00e9s au cas par cas. Cela d\u00e9pend du manque \u00e0 gagner de la victime, du pr\u00e9judice subi d\u00fb \u00e0 la d\u00e9naturation de la fa\u00e7on dont est pr\u00e9sent\u00e9 le site et des r\u00e9percussions qu\u2019a pu en avoir l\u2019auteur du site, de la fa\u00e7on dont l\u2019image a \u00e9t\u00e9 mise en avant et de celle qu\u2019elle a pu rapporter \u00e9ventuellement en termes financiers au concepteur.<\/p>\n<\/div><\/div><\/div><\/div><\/div>\n","protected":false},"excerpt":{"rendered":"","protected":false},"author":2,"featured_media":0,"parent":0,"menu_order":9,"comment_status":"closed","ping_status":"closed","template":"100-width.php","meta":{"_acf_changed":false,"footnotes":""},"class_list":["post-2331","page","type-page","status-publish","hentry"],"acf":[],"yoast_head":"<!-- This site is optimized with the Yoast SEO plugin v26.3 - https:\/\/yoast.com\/wordpress\/plugins\/seo\/ -->\n<title>Mentions l\u00e9gales - Ballroom - Agence de talents<\/title>\n<meta name=\"robots\" content=\"index, follow, max-snippet:-1, max-image-preview:large, max-video-preview:-1\" \/>\n<link rel=\"canonical\" href=\"https:\/\/ballroom.paris\/fr\/mentions-legales\/\" \/>\n<meta property=\"og:locale\" content=\"fr_FR\" \/>\n<meta property=\"og:type\" content=\"article\" \/>\n<meta property=\"og:title\" content=\"Mentions l\u00e9gales - Ballroom - Agence de talents\" \/>\n<meta property=\"og:url\" content=\"https:\/\/ballroom.paris\/fr\/mentions-legales\/\" \/>\n<meta property=\"og:site_name\" content=\"Ballroom - Agence de talents\" \/>\n<meta property=\"article:publisher\" content=\"https:\/\/www.facebook.com\/Ballroomparis-344558813399889\" \/>\n<meta property=\"article:modified_time\" content=\"2022-04-01T14:31:22+00:00\" \/>\n<meta property=\"og:image\" content=\"https:\/\/ballroom.paris\/wp-content\/uploads\/2020\/11\/fred-aufray-11.jpg\" \/>\n\t<meta property=\"og:image:width\" content=\"1920\" \/>\n\t<meta property=\"og:image:height\" content=\"1282\" \/>\n\t<meta property=\"og:image:type\" content=\"image\/jpeg\" \/>\n<meta name=\"twitter:card\" content=\"summary_large_image\" \/>\n<meta name=\"twitter:site\" content=\"@BallroomParis\" \/>\n<meta name=\"twitter:label1\" content=\"Dur\u00e9e de lecture estim\u00e9e\" \/>\n\t<meta name=\"twitter:data1\" content=\"9 minutes\" \/>\n<script type=\"application\/ld+json\" class=\"yoast-schema-graph\">{\"@context\":\"https:\/\/schema.org\",\"@graph\":[{\"@type\":\"WebPage\",\"@id\":\"https:\/\/ballroom.paris\/fr\/mentions-legales\/\",\"url\":\"https:\/\/ballroom.paris\/fr\/mentions-legales\/\",\"name\":\"Mentions l\u00e9gales - Ballroom - Agence de talents\",\"isPartOf\":{\"@id\":\"https:\/\/ballroom.paris\/fr\/#website\"},\"datePublished\":\"2020-11-14T09:15:23+00:00\",\"dateModified\":\"2022-04-01T14:31:22+00:00\",\"breadcrumb\":{\"@id\":\"https:\/\/ballroom.paris\/fr\/mentions-legales\/#breadcrumb\"},\"inLanguage\":\"fr-FR\",\"potentialAction\":[{\"@type\":\"ReadAction\",\"target\":[\"https:\/\/ballroom.paris\/fr\/mentions-legales\/\"]}]},{\"@type\":\"BreadcrumbList\",\"@id\":\"https:\/\/ballroom.paris\/fr\/mentions-legales\/#breadcrumb\",\"itemListElement\":[{\"@type\":\"ListItem\",\"position\":1,\"name\":\"Accueil\",\"item\":\"https:\/\/ballroom.paris\/fr\/\"},{\"@type\":\"ListItem\",\"position\":2,\"name\":\"Mentions l\u00e9gales\"}]},{\"@type\":\"WebSite\",\"@id\":\"https:\/\/ballroom.paris\/fr\/#website\",\"url\":\"https:\/\/ballroom.paris\/fr\/\",\"name\":\"Ballroom - Talents agency\",\"description\":\"Agence de talents\",\"publisher\":{\"@id\":\"https:\/\/ballroom.paris\/fr\/#organization\"},\"potentialAction\":[{\"@type\":\"SearchAction\",\"target\":{\"@type\":\"EntryPoint\",\"urlTemplate\":\"https:\/\/ballroom.paris\/fr\/?s={search_term_string}\"},\"query-input\":{\"@type\":\"PropertyValueSpecification\",\"valueRequired\":true,\"valueName\":\"search_term_string\"}}],\"inLanguage\":\"fr-FR\"},{\"@type\":\"Organization\",\"@id\":\"https:\/\/ballroom.paris\/fr\/#organization\",\"name\":\"Ballroom\",\"url\":\"https:\/\/ballroom.paris\/fr\/\",\"logo\":{\"@type\":\"ImageObject\",\"inLanguage\":\"fr-FR\",\"@id\":\"https:\/\/ballroom.paris\/fr\/#\/schema\/logo\/image\/\",\"url\":\"https:\/\/ballroom.paris\/wp-content\/uploads\/2020\/11\/Ballroom-black-334x76-1.png\",\"contentUrl\":\"https:\/\/ballroom.paris\/wp-content\/uploads\/2020\/11\/Ballroom-black-334x76-1.png\",\"width\":334,\"height\":76,\"caption\":\"Ballroom\"},\"image\":{\"@id\":\"https:\/\/ballroom.paris\/fr\/#\/schema\/logo\/image\/\"},\"sameAs\":[\"https:\/\/www.facebook.com\/Ballroomparis-344558813399889\",\"https:\/\/x.com\/BallroomParis\",\"https:\/\/www.instagram.com\/ballroom.paris\/\",\"https:\/\/www.linkedin.com\/company\/ballroom-paris\"]}]}<\/script>\n<!-- \/ Yoast SEO plugin. -->","yoast_head_json":{"title":"Mentions l\u00e9gales - Ballroom - Agence de talents","robots":{"index":"index","follow":"follow","max-snippet":"max-snippet:-1","max-image-preview":"max-image-preview:large","max-video-preview":"max-video-preview:-1"},"canonical":"https:\/\/ballroom.paris\/fr\/mentions-legales\/","og_locale":"fr_FR","og_type":"article","og_title":"Mentions l\u00e9gales - Ballroom - Agence de talents","og_url":"https:\/\/ballroom.paris\/fr\/mentions-legales\/","og_site_name":"Ballroom - Agence de talents","article_publisher":"https:\/\/www.facebook.com\/Ballroomparis-344558813399889","article_modified_time":"2022-04-01T14:31:22+00:00","og_image":[{"width":1920,"height":1282,"url":"https:\/\/ballroom.paris\/wp-content\/uploads\/2020\/11\/fred-aufray-11.jpg","type":"image\/jpeg"}],"twitter_card":"summary_large_image","twitter_site":"@BallroomParis","twitter_misc":{"Dur\u00e9e de lecture estim\u00e9e":"9 minutes"},"schema":{"@context":"https:\/\/schema.org","@graph":[{"@type":"WebPage","@id":"https:\/\/ballroom.paris\/fr\/mentions-legales\/","url":"https:\/\/ballroom.paris\/fr\/mentions-legales\/","name":"Mentions l\u00e9gales - Ballroom - Agence de talents","isPartOf":{"@id":"https:\/\/ballroom.paris\/fr\/#website"},"datePublished":"2020-11-14T09:15:23+00:00","dateModified":"2022-04-01T14:31:22+00:00","breadcrumb":{"@id":"https:\/\/ballroom.paris\/fr\/mentions-legales\/#breadcrumb"},"inLanguage":"fr-FR","potentialAction":[{"@type":"ReadAction","target":["https:\/\/ballroom.paris\/fr\/mentions-legales\/"]}]},{"@type":"BreadcrumbList","@id":"https:\/\/ballroom.paris\/fr\/mentions-legales\/#breadcrumb","itemListElement":[{"@type":"ListItem","position":1,"name":"Accueil","item":"https:\/\/ballroom.paris\/fr\/"},{"@type":"ListItem","position":2,"name":"Mentions l\u00e9gales"}]},{"@type":"WebSite","@id":"https:\/\/ballroom.paris\/fr\/#website","url":"https:\/\/ballroom.paris\/fr\/","name":"Ballroom - Talents agency","description":"Agence de talents","publisher":{"@id":"https:\/\/ballroom.paris\/fr\/#organization"},"potentialAction":[{"@type":"SearchAction","target":{"@type":"EntryPoint","urlTemplate":"https:\/\/ballroom.paris\/fr\/?s={search_term_string}"},"query-input":{"@type":"PropertyValueSpecification","valueRequired":true,"valueName":"search_term_string"}}],"inLanguage":"fr-FR"},{"@type":"Organization","@id":"https:\/\/ballroom.paris\/fr\/#organization","name":"Ballroom","url":"https:\/\/ballroom.paris\/fr\/","logo":{"@type":"ImageObject","inLanguage":"fr-FR","@id":"https:\/\/ballroom.paris\/fr\/#\/schema\/logo\/image\/","url":"https:\/\/ballroom.paris\/wp-content\/uploads\/2020\/11\/Ballroom-black-334x76-1.png","contentUrl":"https:\/\/ballroom.paris\/wp-content\/uploads\/2020\/11\/Ballroom-black-334x76-1.png","width":334,"height":76,"caption":"Ballroom"},"image":{"@id":"https:\/\/ballroom.paris\/fr\/#\/schema\/logo\/image\/"},"sameAs":["https:\/\/www.facebook.com\/Ballroomparis-344558813399889","https:\/\/x.com\/BallroomParis","https:\/\/www.instagram.com\/ballroom.paris\/","https:\/\/www.linkedin.com\/company\/ballroom-paris"]}]}},"jetpack_sharing_enabled":true,"_links":{"self":[{"href":"https:\/\/ballroom.paris\/fr\/wp-json\/wp\/v2\/pages\/2331","targetHints":{"allow":["GET"]}}],"collection":[{"href":"https:\/\/ballroom.paris\/fr\/wp-json\/wp\/v2\/pages"}],"about":[{"href":"https:\/\/ballroom.paris\/fr\/wp-json\/wp\/v2\/types\/page"}],"author":[{"embeddable":true,"href":"https:\/\/ballroom.paris\/fr\/wp-json\/wp\/v2\/users\/2"}],"replies":[{"embeddable":true,"href":"https:\/\/ballroom.paris\/fr\/wp-json\/wp\/v2\/comments?post=2331"}],"version-history":[{"count":2,"href":"https:\/\/ballroom.paris\/fr\/wp-json\/wp\/v2\/pages\/2331\/revisions"}],"predecessor-version":[{"id":4432,"href":"https:\/\/ballroom.paris\/fr\/wp-json\/wp\/v2\/pages\/2331\/revisions\/4432"}],"wp:attachment":[{"href":"https:\/\/ballroom.paris\/fr\/wp-json\/wp\/v2\/media?parent=2331"}],"curies":[{"name":"wp","href":"https:\/\/api.w.org\/{rel}","templated":true}]}}